{"id":3506,"date":"2020-05-10T15:35:57","date_gmt":"2020-05-10T13:35:57","guid":{"rendered":"https:\/\/leetronics.de\/?page_id=3506"},"modified":"2020-09-12T14:18:59","modified_gmt":"2020-09-12T12:18:59","slug":"informationen-zur-entsorgung-von-elektro-und-elektronikgeraeten","status":"publish","type":"page","link":"https:\/\/leetronics.de\/de\/informationen-zur-entsorgung-von-elektro-und-elektronikgeraeten\/","title":{"rendered":"Informationen zur Entsorgung von Elektro- und Elektronikger\u00e4ten"},"content":{"rendered":"<div><span style=\"font-family: Arial; font-size: 12pt;\">1. Entsorgung von Elektro- und Elektronikger\u00e4ten<\/span><\/div>\n<div><span style=\"font-family: Arial; font-size: 12pt;\">Die durchgestrichene M\u00fclltonne bedeutet, dass Sie gesetzlich verpflichtet sind, diese Ger\u00e4te einer vom unsortierten Siedlungsabfall getrennten Erfassung zuzuf\u00fchren. Die Entsorgung \u00fcber die Restm\u00fclltonne oder die gelbe Tonne ist untersagt. Enthalten die Produkte Batterien oder Akkus, die nicht fest verbaut sind, m\u00fcssen diese vor der Entsorgung entnommen und getrennt als Batterie entsorgt werden.<\/span><\/div>\n<div><span style=\"font-family: Arial; font-size: 12pt;\">\u00a0<\/span><\/div>\n<div><span style=\"font-family: Arial; font-size: 12pt;\">2. M\u00f6glichkeiten der R\u00fcckgabe von Altger\u00e4ten<\/span><\/div>\n<div><span style=\"font-family: Arial; font-size: 12pt;\">Besitzer von Altger\u00e4ten k\u00f6nnen diese im Rahmen der durch \u00f6ffentlich-rechtlichen Entsorgungstr\u00e4ger eingerichteten und zur Verf\u00fcgung stehenden M\u00f6glichkeiten der R\u00fcckgabe oder Sammlung von Altger\u00e4ten abgeben, damit eine ordnungsgem\u00e4\u00dfe Entsorgung der Altger\u00e4te sichergestellt ist. Unter dem folgenden Link besteht die M\u00f6glichkeit, sich ein Onlineverzeichnis der Sammel- und R\u00fccknahmestellen anzuzeigen zu lassen: https:\/\/www.ear-system.de\/ear-verzeichnis\/sammel-und-ruecknahmestellen<\/span><\/div>\n<div><span style=\"font-family: Arial; font-size: 12pt;\">\u00a0<\/span><\/div>\n<div><span style=\"font-family: Arial; font-size: 12pt;\">3. Datenschutz<\/span><\/div>\n<div><span style=\"font-family: Arial; font-size: 12pt;\">Wir weisen alle Endnutzer von Elektro- und Elektronikaltger\u00e4ten darauf hin, dass Sie f\u00fcr das L\u00f6schen personenbezogener Daten auf den zu entsorgenden Altger\u00e4ten selbst verantwortlich sind.\u00a0<\/span><\/div>\n<div><span style=\"font-family: Arial; font-size: 12pt;\">\u00a0<\/span><\/div>\n<div><span style=\"font-family: Arial; font-size: 12pt;\">4. WEEE-Registrierungsnummern<\/span><\/div>\n<div><span style=\"font-family: Arial; font-size: 12pt;\">Unter der Registrierungsnummer DE78782039 ist die Marke &#8222;SoloKeys&#8220;, durch den Bevollm\u00e4chtigten, Manuel Domke, bei der stiftung elektro-altger\u00e4te register, Benno-Strau\u00df-Str. 1, 90763 F\u00fcrth als Hersteller von Elektro- und\/ oder Elektronikger\u00e4ten registriert.<\/span><\/div>\n<div><\/div>\n<div><span style=\"font-family: Arial; font-size: 12pt;\">Unter der Registrierungsnummer DE16462545 ist die Marke &#8222;leetronics&#8220; bei der stiftung elektro-altger\u00e4te register, Benno-Strau\u00df-Str. 1, 90763 F\u00fcrth als Hersteller von Elektro- und\/ oder Elektronikger\u00e4ten registriert.<\/span><\/div>\n","protected":false},"excerpt":{"rendered":"<p>1. Entsorgung von Elektro- und Elektronikger\u00e4ten Die durchgestrichene M\u00fclltonne bedeutet, dass Sie gesetzlich verpflichtet sind, diese Ger\u00e4te einer vom unsortierten Siedlungsabfall getrennten Erfassung zuzuf\u00fchren. Die Entsorgung \u00fcber die Restm\u00fclltonne oder die gelbe Tonne ist untersagt. Enthalten die Produkte Batterien oder Akkus, die nicht fest verbaut sind, m\u00fcssen diese vor der Entsorgung entnommen und getrennt als [&hellip;]<\/p>\n","protected":false},"author":1,"featured_media":0,"parent":0,"menu_order":0,"comment_status":"closed","ping_status":"closed","template":"","meta":{"_coblocks_attr":"","_coblocks_dimensions":"","_coblocks_responsive_height":"","_coblocks_accordion_ie_support":"","footnotes":""},"class_list":["post-3506","page","type-page","status-publish","hentry"],"yoast_head":"<!-- This site is optimized with the Yoast SEO plugin v27.3 - https:\/\/yoast.com\/product\/yoast-seo-wordpress\/ -->\n<title>Informationen zur Entsorgung von Elektro- und Elektronikger\u00e4ten &#8211; leetronics UG<\/title>\n<meta name=\"robots\" content=\"index, follow, max-snippet:-1, max-image-preview:large, max-video-preview:-1\" \/>\n<link rel=\"canonical\" href=\"https:\/\/leetronics.de\/de\/informationen-zur-entsorgung-von-elektro-und-elektronikgeraeten\/\" \/>\n<meta property=\"og:locale\" content=\"de_DE\" \/>\n<meta property=\"og:type\" content=\"article\" \/>\n<meta property=\"og:title\" content=\"Informationen zur Entsorgung von Elektro- und Elektronikger\u00e4ten &#8211; leetronics UG\" \/>\n<meta property=\"og:description\" content=\"1. Entsorgung von Elektro- und Elektronikger\u00e4ten Die durchgestrichene M\u00fclltonne bedeutet, dass Sie gesetzlich verpflichtet sind, diese Ger\u00e4te einer vom unsortierten Siedlungsabfall getrennten Erfassung zuzuf\u00fchren. Die Entsorgung \u00fcber die Restm\u00fclltonne oder die gelbe Tonne ist untersagt. Enthalten die Produkte Batterien oder Akkus, die nicht fest verbaut sind, m\u00fcssen diese vor der Entsorgung entnommen und getrennt als [&hellip;]\" \/>\n<meta property=\"og:url\" content=\"https:\/\/leetronics.de\/de\/informationen-zur-entsorgung-von-elektro-und-elektronikgeraeten\/\" \/>\n<meta property=\"og:site_name\" content=\"leetronics UG\" \/>\n<meta property=\"article:modified_time\" content=\"2020-09-12T12:18:59+00:00\" \/>\n<meta name=\"twitter:card\" content=\"summary_large_image\" \/>\n<meta name=\"twitter:label1\" content=\"Gesch\u00e4tzte Lesezeit\" \/>\n\t<meta name=\"twitter:data1\" content=\"1\u00a0Minute\" \/>\n<script type=\"application\/ld+json\" class=\"yoast-schema-graph\">{\"@context\":\"https:\\\/\\\/schema.org\",\"@graph\":[{\"@type\":\"WebPage\",\"@id\":\"https:\\\/\\\/leetronics.de\\\/de\\\/informationen-zur-entsorgung-von-elektro-und-elektronikgeraeten\\\/\",\"url\":\"https:\\\/\\\/leetronics.de\\\/de\\\/informationen-zur-entsorgung-von-elektro-und-elektronikgeraeten\\\/\",\"name\":\"Informationen zur Entsorgung von Elektro- und Elektronikger\u00e4ten &#8211; leetronics UG\",\"isPartOf\":{\"@id\":\"https:\\\/\\\/leetronics.de\\\/de\\\/#website\"},\"datePublished\":\"2020-05-10T13:35:57+00:00\",\"dateModified\":\"2020-09-12T12:18:59+00:00\",\"breadcrumb\":{\"@id\":\"https:\\\/\\\/leetronics.de\\\/de\\\/informationen-zur-entsorgung-von-elektro-und-elektronikgeraeten\\\/#breadcrumb\"},\"inLanguage\":\"de\",\"potentialAction\":[{\"@type\":\"ReadAction\",\"target\":[\"https:\\\/\\\/leetronics.de\\\/de\\\/informationen-zur-entsorgung-von-elektro-und-elektronikgeraeten\\\/\"]}]},{\"@type\":\"BreadcrumbList\",\"@id\":\"https:\\\/\\\/leetronics.de\\\/de\\\/informationen-zur-entsorgung-von-elektro-und-elektronikgeraeten\\\/#breadcrumb\",\"itemListElement\":[{\"@type\":\"ListItem\",\"position\":1,\"name\":\"Startseite\",\"item\":\"https:\\\/\\\/leetronics.de\\\/de\\\/\"},{\"@type\":\"ListItem\",\"position\":2,\"name\":\"Informationen zur Entsorgung von Elektro- und Elektronikger\u00e4ten\"}]},{\"@type\":\"WebSite\",\"@id\":\"https:\\\/\\\/leetronics.de\\\/de\\\/#website\",\"url\":\"https:\\\/\\\/leetronics.de\\\/de\\\/\",\"name\":\"leetronics UG\",\"description\":\"just open source hardware\",\"publisher\":{\"@id\":\"https:\\\/\\\/leetronics.de\\\/de\\\/#organization\"},\"potentialAction\":[{\"@type\":\"SearchAction\",\"target\":{\"@type\":\"EntryPoint\",\"urlTemplate\":\"https:\\\/\\\/leetronics.de\\\/de\\\/?s={search_term_string}\"},\"query-input\":{\"@type\":\"PropertyValueSpecification\",\"valueRequired\":true,\"valueName\":\"search_term_string\"}}],\"inLanguage\":\"de\"},{\"@type\":\"Organization\",\"@id\":\"https:\\\/\\\/leetronics.de\\\/de\\\/#organization\",\"name\":\"leetronics UG (haftungsbeschr\u00e4nkt)\",\"url\":\"https:\\\/\\\/leetronics.de\\\/de\\\/\",\"logo\":{\"@type\":\"ImageObject\",\"inLanguage\":\"de\",\"@id\":\"https:\\\/\\\/leetronics.de\\\/de\\\/#\\\/schema\\\/logo\\\/image\\\/\",\"url\":\"https:\\\/\\\/leetronics.de\\\/wp-content\\\/uploads\\\/2020\\\/03\\\/FullColor_TransparentBg_450x186_72dpi.png\",\"contentUrl\":\"https:\\\/\\\/leetronics.de\\\/wp-content\\\/uploads\\\/2020\\\/03\\\/FullColor_TransparentBg_450x186_72dpi.png\",\"width\":450,\"height\":186,\"caption\":\"leetronics UG (haftungsbeschr\u00e4nkt)\"},\"image\":{\"@id\":\"https:\\\/\\\/leetronics.de\\\/de\\\/#\\\/schema\\\/logo\\\/image\\\/\"}}]}<\/script>\n<!-- \/ Yoast SEO plugin. -->","yoast_head_json":{"title":"Informationen zur Entsorgung von Elektro- und Elektronikger\u00e4ten &#8211; leetronics UG","robots":{"index":"index","follow":"follow","max-snippet":"max-snippet:-1","max-image-preview":"max-image-preview:large","max-video-preview":"max-video-preview:-1"},"canonical":"https:\/\/leetronics.de\/de\/informationen-zur-entsorgung-von-elektro-und-elektronikgeraeten\/","og_locale":"de_DE","og_type":"article","og_title":"Informationen zur Entsorgung von Elektro- und Elektronikger\u00e4ten &#8211; leetronics UG","og_description":"1. Entsorgung von Elektro- und Elektronikger\u00e4ten Die durchgestrichene M\u00fclltonne bedeutet, dass Sie gesetzlich verpflichtet sind, diese Ger\u00e4te einer vom unsortierten Siedlungsabfall getrennten Erfassung zuzuf\u00fchren. Die Entsorgung \u00fcber die Restm\u00fclltonne oder die gelbe Tonne ist untersagt. Enthalten die Produkte Batterien oder Akkus, die nicht fest verbaut sind, m\u00fcssen diese vor der Entsorgung entnommen und getrennt als [&hellip;]","og_url":"https:\/\/leetronics.de\/de\/informationen-zur-entsorgung-von-elektro-und-elektronikgeraeten\/","og_site_name":"leetronics UG","article_modified_time":"2020-09-12T12:18:59+00:00","twitter_card":"summary_large_image","twitter_misc":{"Gesch\u00e4tzte Lesezeit":"1\u00a0Minute"},"schema":{"@context":"https:\/\/schema.org","@graph":[{"@type":"WebPage","@id":"https:\/\/leetronics.de\/de\/informationen-zur-entsorgung-von-elektro-und-elektronikgeraeten\/","url":"https:\/\/leetronics.de\/de\/informationen-zur-entsorgung-von-elektro-und-elektronikgeraeten\/","name":"Informationen zur Entsorgung von Elektro- und Elektronikger\u00e4ten &#8211; leetronics UG","isPartOf":{"@id":"https:\/\/leetronics.de\/de\/#website"},"datePublished":"2020-05-10T13:35:57+00:00","dateModified":"2020-09-12T12:18:59+00:00","breadcrumb":{"@id":"https:\/\/leetronics.de\/de\/informationen-zur-entsorgung-von-elektro-und-elektronikgeraeten\/#breadcrumb"},"inLanguage":"de","potentialAction":[{"@type":"ReadAction","target":["https:\/\/leetronics.de\/de\/informationen-zur-entsorgung-von-elektro-und-elektronikgeraeten\/"]}]},{"@type":"BreadcrumbList","@id":"https:\/\/leetronics.de\/de\/informationen-zur-entsorgung-von-elektro-und-elektronikgeraeten\/#breadcrumb","itemListElement":[{"@type":"ListItem","position":1,"name":"Startseite","item":"https:\/\/leetronics.de\/de\/"},{"@type":"ListItem","position":2,"name":"Informationen zur Entsorgung von Elektro- und Elektronikger\u00e4ten"}]},{"@type":"WebSite","@id":"https:\/\/leetronics.de\/de\/#website","url":"https:\/\/leetronics.de\/de\/","name":"leetronics UG","description":"just open source hardware","publisher":{"@id":"https:\/\/leetronics.de\/de\/#organization"},"potentialAction":[{"@type":"SearchAction","target":{"@type":"EntryPoint","urlTemplate":"https:\/\/leetronics.de\/de\/?s={search_term_string}"},"query-input":{"@type":"PropertyValueSpecification","valueRequired":true,"valueName":"search_term_string"}}],"inLanguage":"de"},{"@type":"Organization","@id":"https:\/\/leetronics.de\/de\/#organization","name":"leetronics UG (haftungsbeschr\u00e4nkt)","url":"https:\/\/leetronics.de\/de\/","logo":{"@type":"ImageObject","inLanguage":"de","@id":"https:\/\/leetronics.de\/de\/#\/schema\/logo\/image\/","url":"https:\/\/leetronics.de\/wp-content\/uploads\/2020\/03\/FullColor_TransparentBg_450x186_72dpi.png","contentUrl":"https:\/\/leetronics.de\/wp-content\/uploads\/2020\/03\/FullColor_TransparentBg_450x186_72dpi.png","width":450,"height":186,"caption":"leetronics UG (haftungsbeschr\u00e4nkt)"},"image":{"@id":"https:\/\/leetronics.de\/de\/#\/schema\/logo\/image\/"}}]}},"_links":{"self":[{"href":"https:\/\/leetronics.de\/de\/wp-json\/wp\/v2\/pages\/3506","targetHints":{"allow":["GET"]}}],"collection":[{"href":"https:\/\/leetronics.de\/de\/wp-json\/wp\/v2\/pages"}],"about":[{"href":"https:\/\/leetronics.de\/de\/wp-json\/wp\/v2\/types\/page"}],"author":[{"embeddable":true,"href":"https:\/\/leetronics.de\/de\/wp-json\/wp\/v2\/users\/1"}],"replies":[{"embeddable":true,"href":"https:\/\/leetronics.de\/de\/wp-json\/wp\/v2\/comments?post=3506"}],"version-history":[{"count":0,"href":"https:\/\/leetronics.de\/de\/wp-json\/wp\/v2\/pages\/3506\/revisions"}],"wp:attachment":[{"href":"https:\/\/leetronics.de\/de\/wp-json\/wp\/v2\/media?parent=3506"}],"curies":[{"name":"wp","href":"https:\/\/api.w.org\/{rel}","templated":true}]}}