{"id":169,"date":"2017-07-24T22:11:14","date_gmt":"2017-07-24T20:11:14","guid":{"rendered":"http:\/\/13-37.org\/?page_id=169"},"modified":"2024-11-03T02:17:18","modified_gmt":"2024-11-03T00:17:18","slug":"impressum","status":"publish","type":"page","link":"https:\/\/leetronics.de\/de\/impressum\/","title":{"rendered":"Impressum"},"content":{"rendered":"<h2><strong>Angaben gem\u00e4\u00df \u00a7 5 TMG<br \/>\n<\/strong><\/h2>\n<p>leetronics UG (haftungsbeschr\u00e4nkt)<br \/>\nGerichtsstra\u00dfe 2<br \/>\n65185 Wiesbaden<\/p>\n<p>Phone: +49 611 8802 6666<br \/>\nFax: +49 611 8802 6670<br \/>\nWeb: leetronics.de, 1337.shop, 13-37.org<\/p>\n<p>Registergericht: Wiesbaden<br \/>\nRegisternummer: HRB 31491<br \/>\nGesellschafter: Manuel Domke<br \/>\nVertretungsberechtigte Gesch\u00e4ftsf\u00fchrer: Manuel Domke<\/p>\n<h2><strong>Kontakt<\/strong><\/h2>\n<p>Mail: service@leetronics.de<br \/>\nPGP Key-ID: <a href=\"https:\/\/keys.openpgp.org\/vks\/v1\/by-fingerprint\/5232DF07AD4999C55F13976C944E4A33314556AB\">5232 DF07 AD49 99C5 5F13 976C 944E 4A33 3145 56AB<\/a><br \/>\nTelefon\/Fax: 0611 8802 6666<\/p>\n<h3><strong>Verantwortlich f\u00fcr den Inhalt nach \u00a7 55 Abs. 2 RStV:<\/strong><\/h3>\n<p>Manuel Domke<\/p>\n<h3><strong>Umsatzsteuer-Identifikationsnummer gem\u00e4\u00df \u00a7 27a Umsatzsteuergesetz<\/strong><\/h3>\n<p>DE327851109<\/p>\n<h3><strong>WEEE-Registrierung<\/strong><\/h3>\n<p>WEEE-Reg.-Nr: DE16462545 (leetronics)<br \/>\nWEEE-Reg.-Nr: DE78782039 (Manuel Domke f\u00fcr &#8222;SoloKeys&#8220;)<\/p>\n<h3><strong>Registrierung nach \u00a79 VerpackG<\/strong><\/h3>\n<p>DE3017428593371<\/p>\n<h5><strong>Haftungsausschluss<\/strong><\/h5>\n<h6><strong>Haftung f\u00fcr Inhalte<\/strong><\/h6>\n<p>Die Inhalte unserer Seiten wurden mit gr\u00f6\u00dfter Sorgfalt erstellt. F\u00fcr die Richtigkeit, Vollst\u00e4ndigkeit und Aktualit\u00e4t der Inhalte k\u00f6nnen wir jedoch keine Gew\u00e4hr \u00fcbernehmen. Als Diensteanbieter sind wir gem\u00e4\u00df \u00a7 7 Abs.1 TMG f\u00fcr eigene Inhalte auf diesen Seiten nach den allgemeinen Gesetzen verantwortlich. Nach \u00a7\u00a7 8 bis 10 TMG sind wir als Diensteanbieter jedoch nicht verpflichtet, \u00fcbermittelte oder gespeicherte fremde Informationen zu \u00fcberwachen oder nach Umst\u00e4nden zu forschen, die auf eine rechtswidrige T\u00e4tigkeit hinweisen. Verpflichtungen zur Entfernung oder Sperrung der Nutzung von Informationen nach den allgemeinen Gesetzen bleiben hiervon unber\u00fchrt. Eine diesbez\u00fcgliche Haftung ist jedoch erst ab dem Zeitpunkt der Kenntnis einer konkreten Rechtsverletzung m\u00f6glich. Bei Bekanntwerden von entsprechenden Rechtsverletzungen werden wir diese Inhalte umgehend entfernen.<\/p>\n<h6><strong>Haftung f\u00fcr Links<\/strong><\/h6>\n<p>Unser Angebot enth\u00e4lt Links zu externen Webseiten Dritter, auf deren Inhalte wir keinen Einfluss haben. Deshalb k\u00f6nnen wir f\u00fcr diese fremden Inhalte auch keine Gew\u00e4hr \u00fcbernehmen. F\u00fcr die Inhalte der verlinkten Seiten ist stets der jeweilige Anbieter oder Betreiber der Seiten verantwortlich. Die verlinkten Seiten wurden zum Zeitpunkt der Verlinkung auf m\u00f6gliche Rechtsverst\u00f6\u00dfe \u00fcberpr\u00fcft. Rechtswidrige Inhalte waren zum Zeitpunkt der Verlinkung nicht erkennbar. Eine permanente inhaltliche Kontrolle der verlinkten Seiten ist jedoch ohne konkrete Anhaltspunkte einer Rechtsverletzung nicht zumutbar. Bei Bekanntwerden von Rechtsverletzungen werden wir derartige Links umgehend entfernen.<\/p>\n<h6><strong>Urheberrecht<\/strong><\/h6>\n<p>Die durch die Seitenbetreiber erstellten Inhalte und Werke auf diesen Seiten unterliegen dem deutschen Urheberrecht. Die Vervielf\u00e4ltigung, Bearbeitung, Verbreitung und jede Art der Verwertung au\u00dferhalb der Grenzen des Urheberrechtes bed\u00fcrfen der schriftlichen Zustimmung des jeweiligen Autors bzw. Erstellers. Downloads und Kopien dieser Seite sind nur f\u00fcr den privaten, nicht kommerziellen Gebrauch gestattet. Soweit die Inhalte auf dieser Seite nicht vom Betreiber erstellt wurden, werden die Urheberrechte Dritter beachtet. Insbesondere werden Inhalte Dritter als solche gekennzeichnet. Sollten Sie trotzdem auf eine Urheberrechtsverletzung aufmerksam werden, bitten wir um einen entsprechenden Hinweis. Bei Bekanntwerden von Rechtsverletzungen werden wir derartige Inhalte umgehend entfernen.<\/p>\n<h6><strong>Datenschutz<\/strong><\/h6>\n<p>Die Nutzung unserer Webseite ist in der Regel ohne Angabe personenbezogener Daten m\u00f6glich. Soweit auf unseren Seiten personenbezogene Daten (beispielsweise Name, Anschrift oder E-Mail-Adressen) erhoben werden, erfolgt dies, soweit m\u00f6glich, stets auf freiwilliger Basis. Diese Daten werden ohne Ihre ausdr\u00fcckliche Zustimmung nicht an Dritte weitergegeben.<\/p>\n<p>Wir weisen darauf hin, dass die Daten\u00fcbertragung im Internet (z.B. bei der Kommunikation per E-Mail) Sicherheitsl\u00fccken aufweisen kann. Ein l\u00fcckenloser Schutz der Daten vor dem Zugriff durch Dritte ist nicht m\u00f6glich.<\/p>\n<p>Der Nutzung von im Rahmen der Impressumspflicht ver\u00f6ffentlichten Kontaktdaten durch Dritte zur \u00dcbersendung von nicht ausdr\u00fccklich angeforderter Werbung und Informationsmaterialien wird hiermit ausdr\u00fccklich widersprochen. Die Betreiber der Seiten behalten sich ausdr\u00fccklich rechtliche Schritte im Falle der unverlangten Zusendung von Werbeinformationen, etwa durch Spam-Mails, vor.<\/p>\n<p><em>Quellverweis:\u00a0<a href=\"http:\/\/www.e-recht24.de\/muster-disclaimer.htm\" target=\"_blank\" rel=\"noopener noreferrer\">eRecht24 Disclaimer<\/a><\/em><\/p>\n<p><strong>Online-Streitbeilegung<\/strong><\/p>\n<div class=\"woocommerce woocommerce-gzd woocommerce-gzd-complaints-shortcode\">\n\t\t\t<h3>Alternative Streitbeilegung gem\u00e4\u00df Art. 14 Abs. 1 ODR-VO und \u00a7 36 VSBG:<\/h3>\n\t\nVerbraucher k\u00f6nnen diese Plattform zur Beilegung ihrer Streitigkeiten nutzen. Wir sind grunds\u00e4tzlich bereit, an einem au\u00dfergerichtlichen Schlichtungsverfahren teilzunehmen.<\/div>\n","protected":false},"excerpt":{"rendered":"<p>Angaben gem\u00e4\u00df \u00a7 5 TMG leetronics UG (haftungsbeschr\u00e4nkt) Gerichtsstra\u00dfe 2 65185 Wiesbaden Phone: +49 611 8802 6666 Fax: +49 611 8802 6670 Web: leetronics.de, 1337.shop, 13-37.org Registergericht: Wiesbaden Registernummer: HRB 31491 Gesellschafter: Manuel Domke Vertretungsberechtigte Gesch\u00e4ftsf\u00fchrer: Manuel Domke Kontakt Mail: service@leetronics.de PGP Key-ID: 5232 DF07 AD49 99C5 5F13 976C 944E 4A33 3145 56AB Telefon\/Fax: 0611 [&hellip;]<\/p>\n","protected":false},"author":1,"featured_media":0,"parent":0,"menu_order":0,"comment_status":"closed","ping_status":"closed","template":"","meta":{"_coblocks_attr":"","_coblocks_dimensions":"","_coblocks_responsive_height":"","_coblocks_accordion_ie_support":"","footnotes":""},"class_list":["post-169","page","type-page","status-publish","hentry"],"yoast_head":"<!-- This site is optimized with the Yoast SEO plugin v27.3 - https:\/\/yoast.com\/product\/yoast-seo-wordpress\/ -->\n<title>Impressum &#8211; leetronics UG<\/title>\n<meta name=\"robots\" content=\"index, follow, max-snippet:-1, max-image-preview:large, max-video-preview:-1\" \/>\n<link rel=\"canonical\" href=\"https:\/\/leetronics.de\/de\/impressum\/\" \/>\n<meta property=\"og:locale\" content=\"de_DE\" \/>\n<meta property=\"og:type\" content=\"article\" \/>\n<meta property=\"og:title\" content=\"Impressum &#8211; leetronics UG\" \/>\n<meta property=\"og:description\" content=\"Angaben gem\u00e4\u00df \u00a7 5 TMG leetronics UG (haftungsbeschr\u00e4nkt) Gerichtsstra\u00dfe 2 65185 Wiesbaden Phone: +49 611 8802 6666 Fax: +49 611 8802 6670 Web: leetronics.de, 1337.shop, 13-37.org Registergericht: Wiesbaden Registernummer: HRB 31491 Gesellschafter: Manuel Domke Vertretungsberechtigte Gesch\u00e4ftsf\u00fchrer: Manuel Domke Kontakt Mail: service@leetronics.de PGP Key-ID: 5232 DF07 AD49 99C5 5F13 976C 944E 4A33 3145 56AB Telefon\/Fax: 0611 [&hellip;]\" \/>\n<meta property=\"og:url\" content=\"https:\/\/leetronics.de\/de\/impressum\/\" \/>\n<meta property=\"og:site_name\" content=\"leetronics UG\" \/>\n<meta property=\"article:modified_time\" content=\"2024-11-03T00:17:18+00:00\" \/>\n<meta name=\"twitter:card\" content=\"summary_large_image\" \/>\n<meta name=\"twitter:label1\" content=\"Gesch\u00e4tzte Lesezeit\" \/>\n\t<meta name=\"twitter:data1\" content=\"3\u00a0Minuten\" \/>\n<script type=\"application\/ld+json\" class=\"yoast-schema-graph\">{\"@context\":\"https:\\\/\\\/schema.org\",\"@graph\":[{\"@type\":\"WebPage\",\"@id\":\"https:\\\/\\\/leetronics.de\\\/de\\\/impressum\\\/\",\"url\":\"https:\\\/\\\/leetronics.de\\\/de\\\/impressum\\\/\",\"name\":\"Impressum &#8211; leetronics UG\",\"isPartOf\":{\"@id\":\"https:\\\/\\\/leetronics.de\\\/de\\\/#website\"},\"datePublished\":\"2017-07-24T20:11:14+00:00\",\"dateModified\":\"2024-11-03T00:17:18+00:00\",\"breadcrumb\":{\"@id\":\"https:\\\/\\\/leetronics.de\\\/de\\\/impressum\\\/#breadcrumb\"},\"inLanguage\":\"de\",\"potentialAction\":[{\"@type\":\"ReadAction\",\"target\":[\"https:\\\/\\\/leetronics.de\\\/de\\\/impressum\\\/\"]}]},{\"@type\":\"BreadcrumbList\",\"@id\":\"https:\\\/\\\/leetronics.de\\\/de\\\/impressum\\\/#breadcrumb\",\"itemListElement\":[{\"@type\":\"ListItem\",\"position\":1,\"name\":\"Startseite\",\"item\":\"https:\\\/\\\/leetronics.de\\\/de\\\/\"},{\"@type\":\"ListItem\",\"position\":2,\"name\":\"Impressum\"}]},{\"@type\":\"WebSite\",\"@id\":\"https:\\\/\\\/leetronics.de\\\/de\\\/#website\",\"url\":\"https:\\\/\\\/leetronics.de\\\/de\\\/\",\"name\":\"leetronics UG\",\"description\":\"just open source hardware\",\"publisher\":{\"@id\":\"https:\\\/\\\/leetronics.de\\\/de\\\/#organization\"},\"potentialAction\":[{\"@type\":\"SearchAction\",\"target\":{\"@type\":\"EntryPoint\",\"urlTemplate\":\"https:\\\/\\\/leetronics.de\\\/de\\\/?s={search_term_string}\"},\"query-input\":{\"@type\":\"PropertyValueSpecification\",\"valueRequired\":true,\"valueName\":\"search_term_string\"}}],\"inLanguage\":\"de\"},{\"@type\":\"Organization\",\"@id\":\"https:\\\/\\\/leetronics.de\\\/de\\\/#organization\",\"name\":\"leetronics UG (haftungsbeschr\u00e4nkt)\",\"url\":\"https:\\\/\\\/leetronics.de\\\/de\\\/\",\"logo\":{\"@type\":\"ImageObject\",\"inLanguage\":\"de\",\"@id\":\"https:\\\/\\\/leetronics.de\\\/de\\\/#\\\/schema\\\/logo\\\/image\\\/\",\"url\":\"https:\\\/\\\/leetronics.de\\\/wp-content\\\/uploads\\\/2020\\\/03\\\/FullColor_TransparentBg_450x186_72dpi.png\",\"contentUrl\":\"https:\\\/\\\/leetronics.de\\\/wp-content\\\/uploads\\\/2020\\\/03\\\/FullColor_TransparentBg_450x186_72dpi.png\",\"width\":450,\"height\":186,\"caption\":\"leetronics UG (haftungsbeschr\u00e4nkt)\"},\"image\":{\"@id\":\"https:\\\/\\\/leetronics.de\\\/de\\\/#\\\/schema\\\/logo\\\/image\\\/\"}}]}<\/script>\n<!-- \/ Yoast SEO plugin. -->","yoast_head_json":{"title":"Impressum &#8211; leetronics UG","robots":{"index":"index","follow":"follow","max-snippet":"max-snippet:-1","max-image-preview":"max-image-preview:large","max-video-preview":"max-video-preview:-1"},"canonical":"https:\/\/leetronics.de\/de\/impressum\/","og_locale":"de_DE","og_type":"article","og_title":"Impressum &#8211; leetronics UG","og_description":"Angaben gem\u00e4\u00df \u00a7 5 TMG leetronics UG (haftungsbeschr\u00e4nkt) Gerichtsstra\u00dfe 2 65185 Wiesbaden Phone: +49 611 8802 6666 Fax: +49 611 8802 6670 Web: leetronics.de, 1337.shop, 13-37.org Registergericht: Wiesbaden Registernummer: HRB 31491 Gesellschafter: Manuel Domke Vertretungsberechtigte Gesch\u00e4ftsf\u00fchrer: Manuel Domke Kontakt Mail: service@leetronics.de PGP Key-ID: 5232 DF07 AD49 99C5 5F13 976C 944E 4A33 3145 56AB Telefon\/Fax: 0611 [&hellip;]","og_url":"https:\/\/leetronics.de\/de\/impressum\/","og_site_name":"leetronics UG","article_modified_time":"2024-11-03T00:17:18+00:00","twitter_card":"summary_large_image","twitter_misc":{"Gesch\u00e4tzte Lesezeit":"3\u00a0Minuten"},"schema":{"@context":"https:\/\/schema.org","@graph":[{"@type":"WebPage","@id":"https:\/\/leetronics.de\/de\/impressum\/","url":"https:\/\/leetronics.de\/de\/impressum\/","name":"Impressum &#8211; leetronics UG","isPartOf":{"@id":"https:\/\/leetronics.de\/de\/#website"},"datePublished":"2017-07-24T20:11:14+00:00","dateModified":"2024-11-03T00:17:18+00:00","breadcrumb":{"@id":"https:\/\/leetronics.de\/de\/impressum\/#breadcrumb"},"inLanguage":"de","potentialAction":[{"@type":"ReadAction","target":["https:\/\/leetronics.de\/de\/impressum\/"]}]},{"@type":"BreadcrumbList","@id":"https:\/\/leetronics.de\/de\/impressum\/#breadcrumb","itemListElement":[{"@type":"ListItem","position":1,"name":"Startseite","item":"https:\/\/leetronics.de\/de\/"},{"@type":"ListItem","position":2,"name":"Impressum"}]},{"@type":"WebSite","@id":"https:\/\/leetronics.de\/de\/#website","url":"https:\/\/leetronics.de\/de\/","name":"leetronics UG","description":"just open source hardware","publisher":{"@id":"https:\/\/leetronics.de\/de\/#organization"},"potentialAction":[{"@type":"SearchAction","target":{"@type":"EntryPoint","urlTemplate":"https:\/\/leetronics.de\/de\/?s={search_term_string}"},"query-input":{"@type":"PropertyValueSpecification","valueRequired":true,"valueName":"search_term_string"}}],"inLanguage":"de"},{"@type":"Organization","@id":"https:\/\/leetronics.de\/de\/#organization","name":"leetronics UG (haftungsbeschr\u00e4nkt)","url":"https:\/\/leetronics.de\/de\/","logo":{"@type":"ImageObject","inLanguage":"de","@id":"https:\/\/leetronics.de\/de\/#\/schema\/logo\/image\/","url":"https:\/\/leetronics.de\/wp-content\/uploads\/2020\/03\/FullColor_TransparentBg_450x186_72dpi.png","contentUrl":"https:\/\/leetronics.de\/wp-content\/uploads\/2020\/03\/FullColor_TransparentBg_450x186_72dpi.png","width":450,"height":186,"caption":"leetronics UG (haftungsbeschr\u00e4nkt)"},"image":{"@id":"https:\/\/leetronics.de\/de\/#\/schema\/logo\/image\/"}}]}},"_links":{"self":[{"href":"https:\/\/leetronics.de\/de\/wp-json\/wp\/v2\/pages\/169","targetHints":{"allow":["GET"]}}],"collection":[{"href":"https:\/\/leetronics.de\/de\/wp-json\/wp\/v2\/pages"}],"about":[{"href":"https:\/\/leetronics.de\/de\/wp-json\/wp\/v2\/types\/page"}],"author":[{"embeddable":true,"href":"https:\/\/leetronics.de\/de\/wp-json\/wp\/v2\/users\/1"}],"replies":[{"embeddable":true,"href":"https:\/\/leetronics.de\/de\/wp-json\/wp\/v2\/comments?post=169"}],"version-history":[{"count":2,"href":"https:\/\/leetronics.de\/de\/wp-json\/wp\/v2\/pages\/169\/revisions"}],"predecessor-version":[{"id":6562,"href":"https:\/\/leetronics.de\/de\/wp-json\/wp\/v2\/pages\/169\/revisions\/6562"}],"wp:attachment":[{"href":"https:\/\/leetronics.de\/de\/wp-json\/wp\/v2\/media?parent=169"}],"curies":[{"name":"wp","href":"https:\/\/api.w.org\/{rel}","templated":true}]}}