{"id":157,"date":"2017-07-24T22:00:46","date_gmt":"2017-07-24T20:00:46","guid":{"rendered":"http:\/\/13-37.org\/?page_id=157"},"modified":"2024-09-02T08:42:42","modified_gmt":"2024-09-02T06:42:42","slug":"uber","status":"publish","type":"page","link":"https:\/\/leetronics.de\/de\/uber\/","title":{"rendered":"\u00dcber"},"content":{"rendered":"<p><strong>Leetronics \u2013 Dein Open-Source Elektronik-Hardware Shop<\/strong><\/p>\n<p>Leetronics ist ein engagiertes Kleinunternehmen, das sich auf den Vertrieb von hochwertigen Open-Source Elektronikprodukten spezialisiert hat. Unser Hauptaugenmerk liegt auf Sicherheitsl\u00f6sungen, die sowohl von Technik-Enthusiasten als auch von Profis gesch\u00e4tzt werden. Wir sind stolz darauf, innovative und zuverl\u00e4ssige Produkte anzubieten, die auf den Prinzipien von Offenheit und Transparenz basieren.<\/p>\n<p>Unser Ziel ist es, den europ\u00e4ischen Markt mit erstklassigen Open-Source-Hardwarel\u00f6sungen zu versorgen und dabei h\u00f6chste Qualit\u00e4tsstandards zu gew\u00e4hrleisten. Neben Sicherheitsprodukten bieten wir auch eine kleine Palette an Elektronikkomponenten und -ger\u00e4ten an, die f\u00fcr verschiedene Anwendungsbereiche geeignet sind.<\/p>\n<p>&nbsp;<\/p>\n","protected":false},"excerpt":{"rendered":"<p>Leetronics \u2013 Dein Open-Source Elektronik-Hardware Shop Leetronics ist ein engagiertes Kleinunternehmen, das sich auf den Vertrieb von hochwertigen Open-Source Elektronikprodukten spezialisiert hat. Unser Hauptaugenmerk liegt auf Sicherheitsl\u00f6sungen, die sowohl von Technik-Enthusiasten als auch von Profis gesch\u00e4tzt werden. Wir sind stolz darauf, innovative und zuverl\u00e4ssige Produkte anzubieten, die auf den Prinzipien von Offenheit und Transparenz basieren. [&hellip;]<\/p>\n","protected":false},"author":1,"featured_media":0,"parent":0,"menu_order":0,"comment_status":"closed","ping_status":"closed","template":"","meta":{"_coblocks_attr":"","_coblocks_dimensions":"","_coblocks_responsive_height":"","_coblocks_accordion_ie_support":"","footnotes":""},"class_list":["post-157","page","type-page","status-publish","hentry"],"yoast_head":"<!-- This site is optimized with the Yoast SEO plugin v27.4 - https:\/\/yoast.com\/product\/yoast-seo-wordpress\/ -->\n<title>\u00dcber &#8211; leetronics UG<\/title>\n<meta name=\"robots\" content=\"index, follow, max-snippet:-1, max-image-preview:large, max-video-preview:-1\" \/>\n<link rel=\"canonical\" href=\"https:\/\/leetronics.de\/de\/uber\/\" \/>\n<meta property=\"og:locale\" content=\"de_DE\" \/>\n<meta property=\"og:type\" content=\"article\" \/>\n<meta property=\"og:title\" content=\"\u00dcber &#8211; leetronics UG\" \/>\n<meta property=\"og:description\" content=\"Leetronics \u2013 Dein Open-Source Elektronik-Hardware Shop Leetronics ist ein engagiertes Kleinunternehmen, das sich auf den Vertrieb von hochwertigen Open-Source Elektronikprodukten spezialisiert hat. Unser Hauptaugenmerk liegt auf Sicherheitsl\u00f6sungen, die sowohl von Technik-Enthusiasten als auch von Profis gesch\u00e4tzt werden. Wir sind stolz darauf, innovative und zuverl\u00e4ssige Produkte anzubieten, die auf den Prinzipien von Offenheit und Transparenz basieren. [&hellip;]\" \/>\n<meta property=\"og:url\" content=\"https:\/\/leetronics.de\/de\/uber\/\" \/>\n<meta property=\"og:site_name\" content=\"leetronics UG\" \/>\n<meta property=\"article:modified_time\" content=\"2024-09-02T06:42:42+00:00\" \/>\n<meta name=\"twitter:card\" content=\"summary_large_image\" \/>\n<meta name=\"twitter:label1\" content=\"Gesch\u00e4tzte Lesezeit\" \/>\n\t<meta name=\"twitter:data1\" content=\"1\u00a0Minute\" \/>\n<script type=\"application\/ld+json\" class=\"yoast-schema-graph\">{\"@context\":\"https:\\\/\\\/schema.org\",\"@graph\":[{\"@type\":\"WebPage\",\"@id\":\"https:\\\/\\\/leetronics.de\\\/de\\\/uber\\\/\",\"url\":\"https:\\\/\\\/leetronics.de\\\/de\\\/uber\\\/\",\"name\":\"\u00dcber &#8211; leetronics UG\",\"isPartOf\":{\"@id\":\"https:\\\/\\\/leetronics.de\\\/de\\\/#website\"},\"datePublished\":\"2017-07-24T20:00:46+00:00\",\"dateModified\":\"2024-09-02T06:42:42+00:00\",\"breadcrumb\":{\"@id\":\"https:\\\/\\\/leetronics.de\\\/de\\\/uber\\\/#breadcrumb\"},\"inLanguage\":\"de\",\"potentialAction\":[{\"@type\":\"ReadAction\",\"target\":[\"https:\\\/\\\/leetronics.de\\\/de\\\/uber\\\/\"]}]},{\"@type\":\"BreadcrumbList\",\"@id\":\"https:\\\/\\\/leetronics.de\\\/de\\\/uber\\\/#breadcrumb\",\"itemListElement\":[{\"@type\":\"ListItem\",\"position\":1,\"name\":\"Startseite\",\"item\":\"https:\\\/\\\/leetronics.de\\\/de\\\/\"},{\"@type\":\"ListItem\",\"position\":2,\"name\":\"\u00dcber\"}]},{\"@type\":\"WebSite\",\"@id\":\"https:\\\/\\\/leetronics.de\\\/de\\\/#website\",\"url\":\"https:\\\/\\\/leetronics.de\\\/de\\\/\",\"name\":\"leetronics UG\",\"description\":\"just open source hardware\",\"publisher\":{\"@id\":\"https:\\\/\\\/leetronics.de\\\/de\\\/#organization\"},\"potentialAction\":[{\"@type\":\"SearchAction\",\"target\":{\"@type\":\"EntryPoint\",\"urlTemplate\":\"https:\\\/\\\/leetronics.de\\\/de\\\/?s={search_term_string}\"},\"query-input\":{\"@type\":\"PropertyValueSpecification\",\"valueRequired\":true,\"valueName\":\"search_term_string\"}}],\"inLanguage\":\"de\"},{\"@type\":\"Organization\",\"@id\":\"https:\\\/\\\/leetronics.de\\\/de\\\/#organization\",\"name\":\"leetronics UG (haftungsbeschr\u00e4nkt)\",\"url\":\"https:\\\/\\\/leetronics.de\\\/de\\\/\",\"logo\":{\"@type\":\"ImageObject\",\"inLanguage\":\"de\",\"@id\":\"https:\\\/\\\/leetronics.de\\\/de\\\/#\\\/schema\\\/logo\\\/image\\\/\",\"url\":\"https:\\\/\\\/leetronics.de\\\/wp-content\\\/uploads\\\/2020\\\/03\\\/FullColor_TransparentBg_450x186_72dpi.png\",\"contentUrl\":\"https:\\\/\\\/leetronics.de\\\/wp-content\\\/uploads\\\/2020\\\/03\\\/FullColor_TransparentBg_450x186_72dpi.png\",\"width\":450,\"height\":186,\"caption\":\"leetronics UG (haftungsbeschr\u00e4nkt)\"},\"image\":{\"@id\":\"https:\\\/\\\/leetronics.de\\\/de\\\/#\\\/schema\\\/logo\\\/image\\\/\"}}]}<\/script>\n<!-- \/ Yoast SEO plugin. -->","yoast_head_json":{"title":"\u00dcber &#8211; leetronics UG","robots":{"index":"index","follow":"follow","max-snippet":"max-snippet:-1","max-image-preview":"max-image-preview:large","max-video-preview":"max-video-preview:-1"},"canonical":"https:\/\/leetronics.de\/de\/uber\/","og_locale":"de_DE","og_type":"article","og_title":"\u00dcber &#8211; leetronics UG","og_description":"Leetronics \u2013 Dein Open-Source Elektronik-Hardware Shop Leetronics ist ein engagiertes Kleinunternehmen, das sich auf den Vertrieb von hochwertigen Open-Source Elektronikprodukten spezialisiert hat. Unser Hauptaugenmerk liegt auf Sicherheitsl\u00f6sungen, die sowohl von Technik-Enthusiasten als auch von Profis gesch\u00e4tzt werden. Wir sind stolz darauf, innovative und zuverl\u00e4ssige Produkte anzubieten, die auf den Prinzipien von Offenheit und Transparenz basieren. [&hellip;]","og_url":"https:\/\/leetronics.de\/de\/uber\/","og_site_name":"leetronics UG","article_modified_time":"2024-09-02T06:42:42+00:00","twitter_card":"summary_large_image","twitter_misc":{"Gesch\u00e4tzte Lesezeit":"1\u00a0Minute"},"schema":{"@context":"https:\/\/schema.org","@graph":[{"@type":"WebPage","@id":"https:\/\/leetronics.de\/de\/uber\/","url":"https:\/\/leetronics.de\/de\/uber\/","name":"\u00dcber &#8211; leetronics UG","isPartOf":{"@id":"https:\/\/leetronics.de\/de\/#website"},"datePublished":"2017-07-24T20:00:46+00:00","dateModified":"2024-09-02T06:42:42+00:00","breadcrumb":{"@id":"https:\/\/leetronics.de\/de\/uber\/#breadcrumb"},"inLanguage":"de","potentialAction":[{"@type":"ReadAction","target":["https:\/\/leetronics.de\/de\/uber\/"]}]},{"@type":"BreadcrumbList","@id":"https:\/\/leetronics.de\/de\/uber\/#breadcrumb","itemListElement":[{"@type":"ListItem","position":1,"name":"Startseite","item":"https:\/\/leetronics.de\/de\/"},{"@type":"ListItem","position":2,"name":"\u00dcber"}]},{"@type":"WebSite","@id":"https:\/\/leetronics.de\/de\/#website","url":"https:\/\/leetronics.de\/de\/","name":"leetronics UG","description":"just open source hardware","publisher":{"@id":"https:\/\/leetronics.de\/de\/#organization"},"potentialAction":[{"@type":"SearchAction","target":{"@type":"EntryPoint","urlTemplate":"https:\/\/leetronics.de\/de\/?s={search_term_string}"},"query-input":{"@type":"PropertyValueSpecification","valueRequired":true,"valueName":"search_term_string"}}],"inLanguage":"de"},{"@type":"Organization","@id":"https:\/\/leetronics.de\/de\/#organization","name":"leetronics UG (haftungsbeschr\u00e4nkt)","url":"https:\/\/leetronics.de\/de\/","logo":{"@type":"ImageObject","inLanguage":"de","@id":"https:\/\/leetronics.de\/de\/#\/schema\/logo\/image\/","url":"https:\/\/leetronics.de\/wp-content\/uploads\/2020\/03\/FullColor_TransparentBg_450x186_72dpi.png","contentUrl":"https:\/\/leetronics.de\/wp-content\/uploads\/2020\/03\/FullColor_TransparentBg_450x186_72dpi.png","width":450,"height":186,"caption":"leetronics UG (haftungsbeschr\u00e4nkt)"},"image":{"@id":"https:\/\/leetronics.de\/de\/#\/schema\/logo\/image\/"}}]}},"_links":{"self":[{"href":"https:\/\/leetronics.de\/de\/wp-json\/wp\/v2\/pages\/157","targetHints":{"allow":["GET"]}}],"collection":[{"href":"https:\/\/leetronics.de\/de\/wp-json\/wp\/v2\/pages"}],"about":[{"href":"https:\/\/leetronics.de\/de\/wp-json\/wp\/v2\/types\/page"}],"author":[{"embeddable":true,"href":"https:\/\/leetronics.de\/de\/wp-json\/wp\/v2\/users\/1"}],"replies":[{"embeddable":true,"href":"https:\/\/leetronics.de\/de\/wp-json\/wp\/v2\/comments?post=157"}],"version-history":[{"count":1,"href":"https:\/\/leetronics.de\/de\/wp-json\/wp\/v2\/pages\/157\/revisions"}],"predecessor-version":[{"id":6470,"href":"https:\/\/leetronics.de\/de\/wp-json\/wp\/v2\/pages\/157\/revisions\/6470"}],"wp:attachment":[{"href":"https:\/\/leetronics.de\/de\/wp-json\/wp\/v2\/media?parent=157"}],"curies":[{"name":"wp","href":"https:\/\/api.w.org\/{rel}","templated":true}]}}